{"id":113,"date":"2020-08-17T00:36:45","date_gmt":"2020-08-16T21:36:45","guid":{"rendered":"https:\/\/www.muzikatolyesi.com\/?page_id=113"},"modified":"2020-08-17T00:38:39","modified_gmt":"2020-08-16T21:38:39","slug":"nasil-egzersiz-yapmali","status":"publish","type":"page","link":"https:\/\/www.muzikatolyesi.com\/index.php\/nasil-egzersiz-yapmali\/","title":{"rendered":"NASIL EGZERS\u0130Z YAPMALI ?"},"content":{"rendered":"\n<p>Egzersizler iyi bir geli\u015fim i\u00e7in ara\u00e7lard\u0131r. Egzersizler direkt olarak teknik \u00fczerine odaklanmas\u0131n\u0131 sa\u011flar. \u00d6yle ki daha h\u0131zl\u0131 geli\u015firsiniz belli egzersizleri do\u011fru \u00e7al\u0131\u015farak ba\u015fka t\u00fcrl\u00fc y\u0131llarca s\u00fcrecek bir geli\u015fimi, haftalar ya da aylar s\u00fcresinde ger\u00e7ekle\u015ftirebilirsiniz.<\/p>\n\n\n\n<p><strong>YAVA\u015eLAYIN!<\/strong><\/p>\n\n\n\n<p>Hatas\u0131z \u00e7ald\u0131\u011f\u0131n\u0131z seviyeye kadar yava\u015flay\u0131n. Uzuvlar\u0131n\u0131z sizin e\u011fitti\u011finiz gibi hareket edecektir. E\u011fer bir \u015feyi y\u00fcz defa h\u0131zl\u0131 ama yanl\u0131\u015f \u00e7al\u0131yorsan\u0131z y\u00fcz birincide birdenbire hatas\u0131z ve temiz \u00e7alabilmeyi nas\u0131l bekleyebilirsiniz. Fakat bir \u015feyi y\u00fcz kere m\u00fckemmel \u00e7alarsan\u0131z \u015fundan emin olabilirsiniz ki bir sonraki \u00e7al\u0131\u015f\u0131n\u0131z eskisinden daha iyi olacakt\u0131r.Yeterli yava\u015fl\u0131kta \u00e7ald\u0131\u011f\u0131n\u0131z s\u00fcrece hemen her kombinasyondaki her notay\u0131 m\u00fckemmel verebilirisiniz. Yava\u015f\u00e7a e\u011fitilmi\u015f uzuvlar(dolay\u0131s\u0131yla daha hassas) daha kararl\u0131 olacakt\u0131r. Sadece h\u0131zla e\u011fitilmi\u015f uzuvlar ise kontrols\u00fcz olacakt\u0131r ve k\u0131sa zamanda kas\u0131lacakt\u0131r.Niteli\u011fi d\u00fc\u015f\u00fcn\u00fcn niceli\u011fi (g\u00f6r\u00fcnt\u00fc, ge\u00e7ici olan\u0131) de\u011fil.<\/p>\n\n\n\n<p><strong>RAHATLAYIN!<\/strong><\/p>\n\n\n\n<p>\u00c7ok h\u0131rslan\u0131rsan\u0131z gerilemeye ba\u015flars\u0131n\u0131z. \u00d6yle ki d\u00fc\u015f\u00fcncelerinizi &#8221; bu sefer mutlaka do\u011fru yapmal\u0131y\u0131m&#8221; diye \u015fartlarsan\u0131z bu sizde bask\u0131 yarat\u0131r. Kendinize yapt\u0131\u011f\u0131n\u0131z bu bask\u0131 daha \u00e7ok hata yapman\u0131za neden olur. Bu y\u00fczden egzersiz yaparken rahatlamal\u0131 ve d\u00fc\u015f\u00fcncelerinizi sakin tutmal\u0131s\u0131n\u0131z.<\/p>\n\n\n\n<p><strong>EGZERS\u0130Z\u0130N AMACINA ODAKLANIN!<\/strong><\/p>\n\n\n\n<p>Egzersizler belli bir tarz geli\u015ftirmeye odaklanmak i\u00e7in d\u00fczenlenmi\u015f olduklar\u0131ndan dolay\u0131 \u00e7al\u0131\u015faca\u011f\u0131n\u0131z egzersizin neyi geli\u015ftirece\u011fine dikkat etmeli ve ona konsantre olmal\u0131s\u0131n\u0131z.<\/p>\n\n\n\n<p><strong>B\u0130R EGZERS\u0130Z \u00dcZER\u0130NDE FAZLA ZAMAN KAYBETMEY\u0130N!<\/strong><\/p>\n\n\n\n<p>E\u011fer bir egzersizi \u00e7ok uzun s\u00fcre defalarca \u00e7al\u0131\u015f\u0131rsan\u0131z, bir s\u00fcre sonra ba\u015flad\u0131\u011f\u0131n\u0131z noktadan daha da geriye d\u00fc\u015fersiniz. En iyisi bir s\u00fcre \u00e7al\u0131\u015fmak sonra dinlenmek ya da ba\u015fka egzersize ge\u00e7mek olacakt\u0131r. Daha sonra tekrar \u00e7ald\u0131\u011f\u0131n\u0131zda daha \u00f6nce \u00e7alamad\u0131\u011f\u0131m\u0131z \u015feyleri \u00e7ok rahat \u00e7ald\u0131\u011f\u0131n\u0131z\u0131 \u015fa\u015f\u0131rarak g\u00f6receksiniz.<\/p>\n\n\n\n<p><strong>D\u0130KKAT!<\/strong><\/p>\n\n\n\n<p>E\u011fer \u00e7al\u0131\u015ft\u0131\u011f\u0131n\u0131z egzersiz size ac\u0131 vermeye ba\u015flarsa hemen durun ve daha fazla zorlamay\u0131n. Kaslar\u0131n\u0131za ve tendonlar\u0131n\u0131za zarar verebilirsiniz ve iyile\u015fmesi uzun s\u00fcrebilir. Ayr\u0131ca \u00e7al\u0131\u015fmadan \u00f6nce bir atlet gibi iyice \u0131s\u0131nd\u0131\u011f\u0131n\u0131za emin olun.<\/p>\n\n\n\n<p><strong>Troy STETINA<\/strong><\/p>\n","protected":false},"excerpt":{"rendered":"<p>Egzersizler iyi bir geli\u015fim i\u00e7in ara\u00e7lard\u0131r. Egzersizler direkt olarak teknik \u00fczerine odaklanmas\u0131n\u0131 sa\u011flar. \u00d6yle ki&#8230;<\/p>\n<div class=\"more-link-wrapper\"><a class=\"more-link\" href=\"https:\/\/www.muzikatolyesi.com\/index.php\/nasil-egzersiz-yapmali\/\">Yaz\u0131y\u0131 Oku<span class=\"screen-reader-text\">NASIL EGZERS\u0130Z YAPMALI ?<\/span><\/a><\/div>\n","protected":false},"author":1,"featured_media":0,"parent":0,"menu_order":0,"comment_status":"closed","ping_status":"closed","template":"","meta":{"footnotes":""},"class_list":["post-113","page","type-page","status-publish","hentry","excerpt","zoom","full-without-featured","even","excerpt-0"],"yoast_head":"<!-- This site is optimized with the Yoast SEO plugin v27.6 - https:\/\/yoast.com\/product\/yoast-seo-wordpress\/ -->\n<title>NASIL EGZERS\u0130Z YAPMALI ? - Mustafa Saka M\u00fczik At\u00f6lyesi<\/title>\n<meta name=\"robots\" content=\"index, follow, max-snippet:-1, max-image-preview:large, max-video-preview:-1\" \/>\n<link rel=\"canonical\" href=\"https:\/\/www.muzikatolyesi.com\/index.php\/nasil-egzersiz-yapmali\/\" \/>\n<meta property=\"og:locale\" content=\"tr_TR\" \/>\n<meta property=\"og:type\" content=\"article\" \/>\n<meta property=\"og:title\" content=\"NASIL EGZERS\u0130Z YAPMALI ? - Mustafa Saka M\u00fczik At\u00f6lyesi\" \/>\n<meta property=\"og:description\" content=\"Egzersizler iyi bir geli\u015fim i\u00e7in ara\u00e7lard\u0131r. Egzersizler direkt olarak teknik \u00fczerine odaklanmas\u0131n\u0131 sa\u011flar. \u00d6yle ki&#8230;\" \/>\n<meta property=\"og:url\" content=\"https:\/\/www.muzikatolyesi.com\/index.php\/nasil-egzersiz-yapmali\/\" \/>\n<meta property=\"og:site_name\" content=\"Mustafa Saka M\u00fczik At\u00f6lyesi\" \/>\n<meta property=\"article:modified_time\" content=\"2020-08-16T21:38:39+00:00\" \/>\n<meta name=\"twitter:card\" content=\"summary_large_image\" \/>\n<meta name=\"twitter:label1\" content=\"Tahmini okuma s\u00fcresi\" \/>\n\t<meta name=\"twitter:data1\" content=\"2 dakika\" \/>\n<script type=\"application\/ld+json\" class=\"yoast-schema-graph\">{\"@context\":\"https:\\\/\\\/schema.org\",\"@graph\":[{\"@type\":\"WebPage\",\"@id\":\"https:\\\/\\\/www.muzikatolyesi.com\\\/index.php\\\/nasil-egzersiz-yapmali\\\/\",\"url\":\"https:\\\/\\\/www.muzikatolyesi.com\\\/index.php\\\/nasil-egzersiz-yapmali\\\/\",\"name\":\"NASIL EGZERS\u0130Z YAPMALI ? - Mustafa Saka M\u00fczik At\u00f6lyesi\",\"isPartOf\":{\"@id\":\"https:\\\/\\\/www.muzikatolyesi.com\\\/#website\"},\"datePublished\":\"2020-08-16T21:36:45+00:00\",\"dateModified\":\"2020-08-16T21:38:39+00:00\",\"breadcrumb\":{\"@id\":\"https:\\\/\\\/www.muzikatolyesi.com\\\/index.php\\\/nasil-egzersiz-yapmali\\\/#breadcrumb\"},\"inLanguage\":\"tr\",\"potentialAction\":[{\"@type\":\"ReadAction\",\"target\":[\"https:\\\/\\\/www.muzikatolyesi.com\\\/index.php\\\/nasil-egzersiz-yapmali\\\/\"]}]},{\"@type\":\"BreadcrumbList\",\"@id\":\"https:\\\/\\\/www.muzikatolyesi.com\\\/index.php\\\/nasil-egzersiz-yapmali\\\/#breadcrumb\",\"itemListElement\":[{\"@type\":\"ListItem\",\"position\":1,\"name\":\"Ana sayfa\",\"item\":\"https:\\\/\\\/www.muzikatolyesi.com\\\/\"},{\"@type\":\"ListItem\",\"position\":2,\"name\":\"NASIL EGZERS\u0130Z YAPMALI ?\"}]},{\"@type\":\"WebSite\",\"@id\":\"https:\\\/\\\/www.muzikatolyesi.com\\\/#website\",\"url\":\"https:\\\/\\\/www.muzikatolyesi.com\\\/\",\"name\":\"Mustafa Saka M\u00fczik At\u00f6lyesi\",\"description\":\"Y\u00fcz Y\u00fcze ya da \u00c7evrimi\u00e7i\",\"publisher\":{\"@id\":\"https:\\\/\\\/www.muzikatolyesi.com\\\/#organization\"},\"potentialAction\":[{\"@type\":\"SearchAction\",\"target\":{\"@type\":\"EntryPoint\",\"urlTemplate\":\"https:\\\/\\\/www.muzikatolyesi.com\\\/?s={search_term_string}\"},\"query-input\":{\"@type\":\"PropertyValueSpecification\",\"valueRequired\":true,\"valueName\":\"search_term_string\"}}],\"inLanguage\":\"tr\"},{\"@type\":\"Organization\",\"@id\":\"https:\\\/\\\/www.muzikatolyesi.com\\\/#organization\",\"name\":\"Mustafa Saka M\u00fczik At\u00f6lyesi\",\"url\":\"https:\\\/\\\/www.muzikatolyesi.com\\\/\",\"logo\":{\"@type\":\"ImageObject\",\"inLanguage\":\"tr\",\"@id\":\"https:\\\/\\\/www.muzikatolyesi.com\\\/#\\\/schema\\\/logo\\\/image\\\/\",\"url\":\"https:\\\/\\\/www.muzikatolyesi.com\\\/wp-content\\\/uploads\\\/2020\\\/08\\\/logo-1.jpeg\",\"contentUrl\":\"https:\\\/\\\/www.muzikatolyesi.com\\\/wp-content\\\/uploads\\\/2020\\\/08\\\/logo-1.jpeg\",\"width\":1000,\"height\":1000,\"caption\":\"Mustafa Saka M\u00fczik At\u00f6lyesi\"},\"image\":{\"@id\":\"https:\\\/\\\/www.muzikatolyesi.com\\\/#\\\/schema\\\/logo\\\/image\\\/\"}}]}<\/script>\n<!-- \/ Yoast SEO plugin. -->","yoast_head_json":{"title":"NASIL EGZERS\u0130Z YAPMALI ? - Mustafa Saka M\u00fczik At\u00f6lyesi","robots":{"index":"index","follow":"follow","max-snippet":"max-snippet:-1","max-image-preview":"max-image-preview:large","max-video-preview":"max-video-preview:-1"},"canonical":"https:\/\/www.muzikatolyesi.com\/index.php\/nasil-egzersiz-yapmali\/","og_locale":"tr_TR","og_type":"article","og_title":"NASIL EGZERS\u0130Z YAPMALI ? - Mustafa Saka M\u00fczik At\u00f6lyesi","og_description":"Egzersizler iyi bir geli\u015fim i\u00e7in ara\u00e7lard\u0131r. Egzersizler direkt olarak teknik \u00fczerine odaklanmas\u0131n\u0131 sa\u011flar. \u00d6yle ki&#8230;","og_url":"https:\/\/www.muzikatolyesi.com\/index.php\/nasil-egzersiz-yapmali\/","og_site_name":"Mustafa Saka M\u00fczik At\u00f6lyesi","article_modified_time":"2020-08-16T21:38:39+00:00","twitter_card":"summary_large_image","twitter_misc":{"Tahmini okuma s\u00fcresi":"2 dakika"},"schema":{"@context":"https:\/\/schema.org","@graph":[{"@type":"WebPage","@id":"https:\/\/www.muzikatolyesi.com\/index.php\/nasil-egzersiz-yapmali\/","url":"https:\/\/www.muzikatolyesi.com\/index.php\/nasil-egzersiz-yapmali\/","name":"NASIL EGZERS\u0130Z YAPMALI ? - Mustafa Saka M\u00fczik At\u00f6lyesi","isPartOf":{"@id":"https:\/\/www.muzikatolyesi.com\/#website"},"datePublished":"2020-08-16T21:36:45+00:00","dateModified":"2020-08-16T21:38:39+00:00","breadcrumb":{"@id":"https:\/\/www.muzikatolyesi.com\/index.php\/nasil-egzersiz-yapmali\/#breadcrumb"},"inLanguage":"tr","potentialAction":[{"@type":"ReadAction","target":["https:\/\/www.muzikatolyesi.com\/index.php\/nasil-egzersiz-yapmali\/"]}]},{"@type":"BreadcrumbList","@id":"https:\/\/www.muzikatolyesi.com\/index.php\/nasil-egzersiz-yapmali\/#breadcrumb","itemListElement":[{"@type":"ListItem","position":1,"name":"Ana sayfa","item":"https:\/\/www.muzikatolyesi.com\/"},{"@type":"ListItem","position":2,"name":"NASIL EGZERS\u0130Z YAPMALI ?"}]},{"@type":"WebSite","@id":"https:\/\/www.muzikatolyesi.com\/#website","url":"https:\/\/www.muzikatolyesi.com\/","name":"Mustafa Saka M\u00fczik At\u00f6lyesi","description":"Y\u00fcz Y\u00fcze ya da \u00c7evrimi\u00e7i","publisher":{"@id":"https:\/\/www.muzikatolyesi.com\/#organization"},"potentialAction":[{"@type":"SearchAction","target":{"@type":"EntryPoint","urlTemplate":"https:\/\/www.muzikatolyesi.com\/?s={search_term_string}"},"query-input":{"@type":"PropertyValueSpecification","valueRequired":true,"valueName":"search_term_string"}}],"inLanguage":"tr"},{"@type":"Organization","@id":"https:\/\/www.muzikatolyesi.com\/#organization","name":"Mustafa Saka M\u00fczik At\u00f6lyesi","url":"https:\/\/www.muzikatolyesi.com\/","logo":{"@type":"ImageObject","inLanguage":"tr","@id":"https:\/\/www.muzikatolyesi.com\/#\/schema\/logo\/image\/","url":"https:\/\/www.muzikatolyesi.com\/wp-content\/uploads\/2020\/08\/logo-1.jpeg","contentUrl":"https:\/\/www.muzikatolyesi.com\/wp-content\/uploads\/2020\/08\/logo-1.jpeg","width":1000,"height":1000,"caption":"Mustafa Saka M\u00fczik At\u00f6lyesi"},"image":{"@id":"https:\/\/www.muzikatolyesi.com\/#\/schema\/logo\/image\/"}}]}},"_links":{"self":[{"href":"https:\/\/www.muzikatolyesi.com\/index.php\/wp-json\/wp\/v2\/pages\/113","targetHints":{"allow":["GET"]}}],"collection":[{"href":"https:\/\/www.muzikatolyesi.com\/index.php\/wp-json\/wp\/v2\/pages"}],"about":[{"href":"https:\/\/www.muzikatolyesi.com\/index.php\/wp-json\/wp\/v2\/types\/page"}],"author":[{"embeddable":true,"href":"https:\/\/www.muzikatolyesi.com\/index.php\/wp-json\/wp\/v2\/users\/1"}],"replies":[{"embeddable":true,"href":"https:\/\/www.muzikatolyesi.com\/index.php\/wp-json\/wp\/v2\/comments?post=113"}],"version-history":[{"count":2,"href":"https:\/\/www.muzikatolyesi.com\/index.php\/wp-json\/wp\/v2\/pages\/113\/revisions"}],"predecessor-version":[{"id":116,"href":"https:\/\/www.muzikatolyesi.com\/index.php\/wp-json\/wp\/v2\/pages\/113\/revisions\/116"}],"wp:attachment":[{"href":"https:\/\/www.muzikatolyesi.com\/index.php\/wp-json\/wp\/v2\/media?parent=113"}],"curies":[{"name":"wp","href":"https:\/\/api.w.org\/{rel}","templated":true}]}}