{"id":121,"date":"2020-08-17T00:44:27","date_gmt":"2020-08-16T21:44:27","guid":{"rendered":"https:\/\/www.muzikatolyesi.com\/?page_id=121"},"modified":"2020-08-17T00:46:20","modified_gmt":"2020-08-16T21:46:20","slug":"bir-duyusal-uyari-olarak-muzik","status":"publish","type":"page","link":"https:\/\/www.muzikatolyesi.com\/index.php\/bir-duyusal-uyari-olarak-muzik\/","title":{"rendered":"Bir Duyusal Uyar\u0131 Olarak M\u00fczik"},"content":{"rendered":"\n<p class=\"has-text-align-left\"><br>M\u00fczik g\u00fcnl\u00fck hayat\u0131m\u0131zda \u00e7ok geni\u015f bir kullan\u0131m alan\u0131na sahiptir. Radyoda, televizyonda, i\u015fyerinde, camide, kilisede, konserlerde, danslarda, okullarda, spor kar\u015f\u0131la\u015fmalar\u0131nda vs. her yerde dinlenir. \u0130nsanlar milyarlarca liray\u0131 kompakt disk, CD \u00e7alar, kaset\u00e7alar, kaset, CD, konser bileti, m\u00fczik aletleri sat\u0131n almaya yat\u0131r\u0131rlar. M\u00fczik ya\u015fl\u0131-gen\u00e7, zengin-fakir, kad\u0131n-erkek hayat\u0131n her kesiminden insan\u0131 e\u011flendirir. M\u00fczik, toplumda de\u011fi\u015fik \u015fekillerde kullan\u0131l\u0131yor olsa da bilim adamlar\u0131 bunu s\u0131n\u0131fland\u0131rm\u0131\u015flard\u0131r. Merriam isimli bir ara\u015ft\u0131rmac\u0131, ama\u00e7lar\u0131na ve sebeplerine g\u00f6re m\u00fczi\u011fin, \u00e7o\u011fu k\u00fclt\u00fcrde on b\u00fcy\u00fck fonksiyonu oldu\u011funu belirtmi\u015ftir:<\/p>\n\n\n\n<p>1. Fiziksel tepki<br>2. \u0130leti\u015fim<br>3. Duygusal ifade<br>4. Sembolik tan\u0131mlama<br>5. Sosyal normlara uygunlu\u011fu g\u00fc\u00e7lendirme<br>6. Din\u00ee ayinler ve toplumsal geleneklerin ge\u00e7erli k\u0131l\u0131nmas\u0131<br>7. K\u00fclt\u00fcr\u00fcn devaml\u0131l\u0131\u011f\u0131n\u0131n ve sa\u011flaml\u0131l\u0131\u011f\u0131n\u0131n tesis edilmesi<br>8. Toplumsal kayna\u015fman\u0131n tesis edilmesi<br>9. Estetik zevk<br>10. E\u011flenme<\/p>\n\n\n\n<p><strong>ENERJ\u0130 B\u0130\u00c7\u0130M\u0130<\/strong><\/p>\n\n\n\n<p>Temelde m\u00fczik, dokunma ve i\u015fitme duyusu taraf\u0131ndan alg\u0131lanan bir enerji bi\u00e7imidir. Ses kayna\u011f\u0131 ister keman, ister piyano, ister ney, ister bir m\u00fczik kutusu, ister bir insan sesi olsun her m\u00fczikal kaynak hava molek\u00fcllerini etkileyen b\u00fcy\u00fckl\u00fc k\u00fc\u00e7\u00fckl\u00fc yo\u011funlukta enerjiler olu\u015fturur. Bunlar ses dalgalar\u0131 olarak bilinir. M\u00fczikle \u00e7evredeki di\u011fer sesler aras\u0131ndaki en b\u00fcy\u00fck fark, m\u00fczikal ses dalgalar\u0131n\u0131n belirli bir zaman biriminde d\u00fczenli tarzda organize olmaya meyilli olmas\u0131d\u0131r. Ses ayar\u0131, ses \u015fiddeti, ses t\u0131n\u0131s\u0131 ve armoni gibi yap\u0131sal ses elemanlar\u0131, anlaml\u0131 ve e\u011flenceli dinleme deneyimleri olu\u015fturmak i\u00e7in insanlara yard\u0131m eder. Ses dalgalar\u0131 i\u015fitme kanal\u0131nda kulak zar\u0131na do\u011fru huni bi\u00e7iminde bir ak\u0131m olu\u015fturur. Kulak zar\u0131 bu ses enerjisini orta kulak yap\u0131lar\u0131na iletir. Burada \u00fc\u00e7 adet k\u00fc\u00e7\u00fck kemik\u00e7ik (\u00f6rs, \u00fczengi ve \u00e7eki\u00e7) vard\u0131r ve bunlar ses dalgalar\u0131n\u0131 i\u00e7 kula\u011fa iletirler. \u0130\u00e7 kulakta bulunan ve koklea denilen olu\u015fumda bulunan i\u015fitmeyle ilgili al\u0131c\u0131lar, frekans (ses perdesi) ve magnit\u00fcd (sesin b\u00fcy\u00fckl\u00fc\u011f\u00fc, y\u00fcksekli\u011fi) gibi ses sinyalinin \u00f6zelliklerinden olu\u015fan bilgiyi toplar. Bu bilgi i\u015fitme sinirinin yard\u0131m\u0131yla beyne iletilir. Kulak sesi iletir, ancak sesin anlamland\u0131\u011f\u0131 yer beyindir. Beyin; melodi, armoni, \u00e7alg\u0131 gibi unsurlar\u0131n fiziksel \u00f6zelliklerini alg\u0131lar ve m\u00fczi\u011fi yorumlar. S\u00f6z konusu m\u00fczik g\u00fczel midir, h\u00fcz\u00fcnl\u00fc m\u00fcd\u00fcr, hareketli midir, sinirlendirici midir gibi..<\/p>\n\n\n\n<p>Bir m\u00fczik se\u00e7sek ve iki ki\u015fiye dinletsek, bu iki ki\u015finin beynindeki m\u00fczikal yorumun ayn\u0131 olmad\u0131\u011f\u0131n\u0131 g\u00f6r\u00fcr\u00fcz. \u00c7\u00fcnk\u00fc m\u00fczi\u011fin ki\u015fiye g\u00f6re anlam\u0131n\u0131; ki\u015finin hayata ve olaylara bak\u0131\u015f\u0131n\u0131 etkileyen ve \u00e7ocuklukta olu\u015fan bili\u015fsel \u015femalar, k\u00fclt\u00fcrel bak\u0131\u015f a\u00e7\u0131s\u0131, m\u00fczik e\u011fitimi, duygusal ya\u015fant\u0131lar ve ge\u00e7mi\u015fteki deneyimler gibi bir dizi fakt\u00f6r olu\u015fturur. Yani m\u00fczikal tepki, bir\u00e7ok i\u015flevsel s\u00fcrece ba\u011fl\u0131 i\u015fleyen karma\u015f\u0131k bir olgudur.<\/p>\n\n\n\n<p>Her ne kadar m\u00fczikal alg\u0131 zihne i\u015fitme yoluyla gelirse de, ses dalgalar\u0131 dokunma duyusu sayesinde alg\u0131lan\u0131r. Mesela apartman\u0131n\u0131zda veya yatak odan\u0131zda kom\u015funuzun teybinden gelen ritmi g\u00f6\u011f\u00fcs bo\u015flu\u011fuyla hissedebilirsiniz. Halbuki bu esnada melodiyi i\u015fitmemi\u015f olabilirsiniz. Gitar\u0131n tellerine dokunuldu\u011fu zaman, gitar\u0131n a\u011fa\u00e7tan yap\u0131lm\u0131\u015f g\u00f6vdesi ses dalgalar\u0131yla sa\u011flanan titre\u015fimleri iletir. Baz\u0131 sesler, kar\u0131n ve g\u00f6\u011f\u00fcste hissedilme e\u011filimindedir, baz\u0131lar\u0131 da kafa kemiklerinde yank\u0131lan\u0131r. M\u00fczi\u011fin dokunma duyusu ile iletimi sayesinde, i\u015fitme kayb\u0131 olanlar bile m\u00fczikal uyar\u0131lar\u0131 alg\u0131layabilmektedir. Bethoven\u2019\u0131n sa\u011f\u0131r olduktan sonra bestelerini bu sayede yapt\u0131\u011f\u0131 rivayet olunmaktad\u0131r.<\/p>\n\n\n\n<p><strong>Uzm. Dr. Adnan \u00c7oban<\/strong><\/p>\n","protected":false},"excerpt":{"rendered":"<p>M\u00fczik g\u00fcnl\u00fck hayat\u0131m\u0131zda \u00e7ok geni\u015f bir kullan\u0131m alan\u0131na sahiptir. Radyoda, televizyonda, i\u015fyerinde, camide, kilisede, konserlerde,&#8230;<\/p>\n<div class=\"more-link-wrapper\"><a class=\"more-link\" href=\"https:\/\/www.muzikatolyesi.com\/index.php\/bir-duyusal-uyari-olarak-muzik\/\">Yaz\u0131y\u0131 Oku<span class=\"screen-reader-text\">Bir Duyusal Uyar\u0131 Olarak M\u00fczik<\/span><\/a><\/div>\n","protected":false},"author":1,"featured_media":0,"parent":0,"menu_order":0,"comment_status":"closed","ping_status":"closed","template":"","meta":{"footnotes":""},"class_list":["post-121","page","type-page","status-publish","hentry","excerpt","zoom","full-without-featured","even","excerpt-0"],"yoast_head":"<!-- This site is optimized with the Yoast SEO plugin v27.6 - https:\/\/yoast.com\/product\/yoast-seo-wordpress\/ -->\n<title>Bir Duyusal Uyar\u0131 Olarak M\u00fczik - Mustafa Saka M\u00fczik At\u00f6lyesi<\/title>\n<meta name=\"robots\" content=\"index, follow, max-snippet:-1, max-image-preview:large, max-video-preview:-1\" \/>\n<link rel=\"canonical\" href=\"https:\/\/www.muzikatolyesi.com\/index.php\/bir-duyusal-uyari-olarak-muzik\/\" \/>\n<meta property=\"og:locale\" content=\"tr_TR\" \/>\n<meta property=\"og:type\" content=\"article\" \/>\n<meta property=\"og:title\" content=\"Bir Duyusal Uyar\u0131 Olarak M\u00fczik - Mustafa Saka M\u00fczik At\u00f6lyesi\" \/>\n<meta property=\"og:description\" content=\"M\u00fczik g\u00fcnl\u00fck hayat\u0131m\u0131zda \u00e7ok geni\u015f bir kullan\u0131m alan\u0131na sahiptir. Radyoda, televizyonda, i\u015fyerinde, camide, kilisede, konserlerde,&#8230;\" \/>\n<meta property=\"og:url\" content=\"https:\/\/www.muzikatolyesi.com\/index.php\/bir-duyusal-uyari-olarak-muzik\/\" \/>\n<meta property=\"og:site_name\" content=\"Mustafa Saka M\u00fczik At\u00f6lyesi\" \/>\n<meta property=\"article:modified_time\" content=\"2020-08-16T21:46:20+00:00\" \/>\n<meta name=\"twitter:card\" content=\"summary_large_image\" \/>\n<meta name=\"twitter:label1\" content=\"Tahmini okuma s\u00fcresi\" \/>\n\t<meta name=\"twitter:data1\" content=\"3 dakika\" \/>\n<script type=\"application\/ld+json\" class=\"yoast-schema-graph\">{\"@context\":\"https:\\\/\\\/schema.org\",\"@graph\":[{\"@type\":\"WebPage\",\"@id\":\"https:\\\/\\\/www.muzikatolyesi.com\\\/index.php\\\/bir-duyusal-uyari-olarak-muzik\\\/\",\"url\":\"https:\\\/\\\/www.muzikatolyesi.com\\\/index.php\\\/bir-duyusal-uyari-olarak-muzik\\\/\",\"name\":\"Bir Duyusal Uyar\u0131 Olarak M\u00fczik - Mustafa Saka M\u00fczik At\u00f6lyesi\",\"isPartOf\":{\"@id\":\"https:\\\/\\\/www.muzikatolyesi.com\\\/#website\"},\"datePublished\":\"2020-08-16T21:44:27+00:00\",\"dateModified\":\"2020-08-16T21:46:20+00:00\",\"breadcrumb\":{\"@id\":\"https:\\\/\\\/www.muzikatolyesi.com\\\/index.php\\\/bir-duyusal-uyari-olarak-muzik\\\/#breadcrumb\"},\"inLanguage\":\"tr\",\"potentialAction\":[{\"@type\":\"ReadAction\",\"target\":[\"https:\\\/\\\/www.muzikatolyesi.com\\\/index.php\\\/bir-duyusal-uyari-olarak-muzik\\\/\"]}]},{\"@type\":\"BreadcrumbList\",\"@id\":\"https:\\\/\\\/www.muzikatolyesi.com\\\/index.php\\\/bir-duyusal-uyari-olarak-muzik\\\/#breadcrumb\",\"itemListElement\":[{\"@type\":\"ListItem\",\"position\":1,\"name\":\"Ana sayfa\",\"item\":\"https:\\\/\\\/www.muzikatolyesi.com\\\/\"},{\"@type\":\"ListItem\",\"position\":2,\"name\":\"Bir Duyusal Uyar\u0131 Olarak M\u00fczik\"}]},{\"@type\":\"WebSite\",\"@id\":\"https:\\\/\\\/www.muzikatolyesi.com\\\/#website\",\"url\":\"https:\\\/\\\/www.muzikatolyesi.com\\\/\",\"name\":\"Mustafa Saka M\u00fczik At\u00f6lyesi\",\"description\":\"Y\u00fcz Y\u00fcze ya da \u00c7evrimi\u00e7i\",\"publisher\":{\"@id\":\"https:\\\/\\\/www.muzikatolyesi.com\\\/#organization\"},\"potentialAction\":[{\"@type\":\"SearchAction\",\"target\":{\"@type\":\"EntryPoint\",\"urlTemplate\":\"https:\\\/\\\/www.muzikatolyesi.com\\\/?s={search_term_string}\"},\"query-input\":{\"@type\":\"PropertyValueSpecification\",\"valueRequired\":true,\"valueName\":\"search_term_string\"}}],\"inLanguage\":\"tr\"},{\"@type\":\"Organization\",\"@id\":\"https:\\\/\\\/www.muzikatolyesi.com\\\/#organization\",\"name\":\"Mustafa Saka M\u00fczik At\u00f6lyesi\",\"url\":\"https:\\\/\\\/www.muzikatolyesi.com\\\/\",\"logo\":{\"@type\":\"ImageObject\",\"inLanguage\":\"tr\",\"@id\":\"https:\\\/\\\/www.muzikatolyesi.com\\\/#\\\/schema\\\/logo\\\/image\\\/\",\"url\":\"https:\\\/\\\/www.muzikatolyesi.com\\\/wp-content\\\/uploads\\\/2020\\\/08\\\/logo-1.jpeg\",\"contentUrl\":\"https:\\\/\\\/www.muzikatolyesi.com\\\/wp-content\\\/uploads\\\/2020\\\/08\\\/logo-1.jpeg\",\"width\":1000,\"height\":1000,\"caption\":\"Mustafa Saka M\u00fczik At\u00f6lyesi\"},\"image\":{\"@id\":\"https:\\\/\\\/www.muzikatolyesi.com\\\/#\\\/schema\\\/logo\\\/image\\\/\"}}]}<\/script>\n<!-- \/ Yoast SEO plugin. -->","yoast_head_json":{"title":"Bir Duyusal Uyar\u0131 Olarak M\u00fczik - Mustafa Saka M\u00fczik At\u00f6lyesi","robots":{"index":"index","follow":"follow","max-snippet":"max-snippet:-1","max-image-preview":"max-image-preview:large","max-video-preview":"max-video-preview:-1"},"canonical":"https:\/\/www.muzikatolyesi.com\/index.php\/bir-duyusal-uyari-olarak-muzik\/","og_locale":"tr_TR","og_type":"article","og_title":"Bir Duyusal Uyar\u0131 Olarak M\u00fczik - Mustafa Saka M\u00fczik At\u00f6lyesi","og_description":"M\u00fczik g\u00fcnl\u00fck hayat\u0131m\u0131zda \u00e7ok geni\u015f bir kullan\u0131m alan\u0131na sahiptir. Radyoda, televizyonda, i\u015fyerinde, camide, kilisede, konserlerde,&#8230;","og_url":"https:\/\/www.muzikatolyesi.com\/index.php\/bir-duyusal-uyari-olarak-muzik\/","og_site_name":"Mustafa Saka M\u00fczik At\u00f6lyesi","article_modified_time":"2020-08-16T21:46:20+00:00","twitter_card":"summary_large_image","twitter_misc":{"Tahmini okuma s\u00fcresi":"3 dakika"},"schema":{"@context":"https:\/\/schema.org","@graph":[{"@type":"WebPage","@id":"https:\/\/www.muzikatolyesi.com\/index.php\/bir-duyusal-uyari-olarak-muzik\/","url":"https:\/\/www.muzikatolyesi.com\/index.php\/bir-duyusal-uyari-olarak-muzik\/","name":"Bir Duyusal Uyar\u0131 Olarak M\u00fczik - Mustafa Saka M\u00fczik At\u00f6lyesi","isPartOf":{"@id":"https:\/\/www.muzikatolyesi.com\/#website"},"datePublished":"2020-08-16T21:44:27+00:00","dateModified":"2020-08-16T21:46:20+00:00","breadcrumb":{"@id":"https:\/\/www.muzikatolyesi.com\/index.php\/bir-duyusal-uyari-olarak-muzik\/#breadcrumb"},"inLanguage":"tr","potentialAction":[{"@type":"ReadAction","target":["https:\/\/www.muzikatolyesi.com\/index.php\/bir-duyusal-uyari-olarak-muzik\/"]}]},{"@type":"BreadcrumbList","@id":"https:\/\/www.muzikatolyesi.com\/index.php\/bir-duyusal-uyari-olarak-muzik\/#breadcrumb","itemListElement":[{"@type":"ListItem","position":1,"name":"Ana sayfa","item":"https:\/\/www.muzikatolyesi.com\/"},{"@type":"ListItem","position":2,"name":"Bir Duyusal Uyar\u0131 Olarak M\u00fczik"}]},{"@type":"WebSite","@id":"https:\/\/www.muzikatolyesi.com\/#website","url":"https:\/\/www.muzikatolyesi.com\/","name":"Mustafa Saka M\u00fczik At\u00f6lyesi","description":"Y\u00fcz Y\u00fcze ya da \u00c7evrimi\u00e7i","publisher":{"@id":"https:\/\/www.muzikatolyesi.com\/#organization"},"potentialAction":[{"@type":"SearchAction","target":{"@type":"EntryPoint","urlTemplate":"https:\/\/www.muzikatolyesi.com\/?s={search_term_string}"},"query-input":{"@type":"PropertyValueSpecification","valueRequired":true,"valueName":"search_term_string"}}],"inLanguage":"tr"},{"@type":"Organization","@id":"https:\/\/www.muzikatolyesi.com\/#organization","name":"Mustafa Saka M\u00fczik At\u00f6lyesi","url":"https:\/\/www.muzikatolyesi.com\/","logo":{"@type":"ImageObject","inLanguage":"tr","@id":"https:\/\/www.muzikatolyesi.com\/#\/schema\/logo\/image\/","url":"https:\/\/www.muzikatolyesi.com\/wp-content\/uploads\/2020\/08\/logo-1.jpeg","contentUrl":"https:\/\/www.muzikatolyesi.com\/wp-content\/uploads\/2020\/08\/logo-1.jpeg","width":1000,"height":1000,"caption":"Mustafa Saka M\u00fczik At\u00f6lyesi"},"image":{"@id":"https:\/\/www.muzikatolyesi.com\/#\/schema\/logo\/image\/"}}]}},"_links":{"self":[{"href":"https:\/\/www.muzikatolyesi.com\/index.php\/wp-json\/wp\/v2\/pages\/121","targetHints":{"allow":["GET"]}}],"collection":[{"href":"https:\/\/www.muzikatolyesi.com\/index.php\/wp-json\/wp\/v2\/pages"}],"about":[{"href":"https:\/\/www.muzikatolyesi.com\/index.php\/wp-json\/wp\/v2\/types\/page"}],"author":[{"embeddable":true,"href":"https:\/\/www.muzikatolyesi.com\/index.php\/wp-json\/wp\/v2\/users\/1"}],"replies":[{"embeddable":true,"href":"https:\/\/www.muzikatolyesi.com\/index.php\/wp-json\/wp\/v2\/comments?post=121"}],"version-history":[{"count":2,"href":"https:\/\/www.muzikatolyesi.com\/index.php\/wp-json\/wp\/v2\/pages\/121\/revisions"}],"predecessor-version":[{"id":124,"href":"https:\/\/www.muzikatolyesi.com\/index.php\/wp-json\/wp\/v2\/pages\/121\/revisions\/124"}],"wp:attachment":[{"href":"https:\/\/www.muzikatolyesi.com\/index.php\/wp-json\/wp\/v2\/media?parent=121"}],"curies":[{"name":"wp","href":"https:\/\/api.w.org\/{rel}","templated":true}]}}