{"id":126,"date":"2020-08-17T00:47:42","date_gmt":"2020-08-16T21:47:42","guid":{"rendered":"https:\/\/www.muzikatolyesi.com\/?page_id=126"},"modified":"2020-08-17T00:49:09","modified_gmt":"2020-08-16T21:49:09","slug":"simdi-muzisyen-olduk-beynimizi-doldurduk","status":"publish","type":"page","link":"https:\/\/www.muzikatolyesi.com\/index.php\/simdi-muzisyen-olduk-beynimizi-doldurduk\/","title":{"rendered":"\u015eimdi M\u00fczisyen Olduk, Beynimizi Doldurduk"},"content":{"rendered":"\n<p><br>M\u00fczik e\u011fitimi ve matematik becerileri, m\u00fczik e\u011fitimi ve zeka, m\u00fczik e\u011fitimi ve dil geli\u015fimi, \u00fczerinde \u00e7ok \u015fey s\u00f6ylenen ve yaz\u0131lan konular. Kanada&#8217;n\u0131n McMaster M\u00fczik ve Zihinsel Geli\u015fim Enstit\u00fcs\u00fc&#8217;nden ara\u015ft\u0131rmac\u0131larsa, daha \u00f6nceki \u00e7al\u0131\u015fmalardan farkl\u0131 olarak, m\u00fczik e\u011fitimi alan \u00e7ocuklar\u0131n bir y\u0131l i\u00e7inde di\u011ferlerinden farkl\u0131 bir beyin geli\u015fimi ve daha \u00fcst\u00fcn zihinsel ve bellek i\u015flevleri sergilediklerinin ilk somut kan\u0131tlar\u0131n\u0131 sunmu\u015f bulunuyorlar, Yar\u0131s\u0131 m\u00fczik e\u011fitimi alan (ayn\u0131 zamanda ve s\u0131f\u0131rdan ba\u015flayan, ayn\u0131 m\u00fczik okuluna giden ve ayn\u0131 e\u011fitimi g\u00f6ren), yar\u0131s\u0131 da almayan 4-6 ya\u015f aras\u0131 \u00e7ocuklarla yapt\u0131klar\u0131 \u00e7al\u0131\u015fmada, ara\u015ft\u0131rmac\u0131lar\u0131n yo\u011funla\u015ft\u0131klar\u0131 \u00fc\u00e7 soru \u015f\u00f6yle: Bir y\u0131l i\u00e7inde \u00e7ocuklardaki i\u015fitsel tepkiler nas\u0131l geli\u015fti? M\u00fczikal sesler gibi &#8216;anlaml\u0131&#8217; ses ve t\u0131n\u0131lara verilen beyinsel tepkiler, &#8216;anlams\u0131z&#8217; ses ya da g\u00fcr\u00fclt\u00fclere verilen tepkilerden farkl\u0131 bir geli\u015fim \u00e7izgisi izledi mi? M\u00fczik e\u011fitimi, normal beyin geli\u015fimini nas\u0131l etkiledi? Beyin etkinli\u011fini \u00f6l\u00e7mede yararland\u0131klar\u0131 y\u00f6ntemse &#8220;manyetoensefalografi&#8221;. Bu teknik, senkronize bi\u00e7imde etkinle\u015fen bir sinirh\u00fccresi grubunca \u00fcretilen elektrik alanlar\u0131n\u0131n etkisiyle, ba\u015f\u0131n d\u0131\u015f\u0131nda olu\u015fan manyetik alan\u0131 \u00f6l\u00e7meye dayan\u0131yor. \u00d6l\u00e7\u00fcmlerini bir y\u0131l i\u00e7inde 4 kez yineleyen ara\u015ft\u0131rmac\u0131lar, m\u00fczik e\u011fitimi alan grupta m\u00fczikle ilgili (ancak m\u00fczik bilgisine dayanmayan) becerilerin yan\u0131s\u0131ra, i\u00e7eri\u011fi m\u00fczikle ilgili olmayan okuma, matematik, \u00f6zellikle de s\u00f6zel ve genel bellek becerilerinin, di\u011fer gruptan ay\u0131rdedici \u00f6l\u00e7\u00fcde \u00fcst\u00fcn oldu\u011funu g\u00f6zlemi\u015fler. T\u00fcm bu sonu\u00e7lar\u0131n, devreye giren sinir h\u00fccresi gruplar\u0131 ve oranlar\u0131yla ili\u015fkilendirilmi\u015f olmas\u0131ysa, \u00e7al\u0131\u015fmay\u0131 \u00f6ncekilerden \u00e7ok daha g\u00fc\u00e7l\u00fc ve iddial\u0131 hale getiriyor.<br>(Oxford University Pres, 20 Eyl\u00fcl 2006)<\/p>\n\n\n\n<p>Bilim ve Teknik<br>Ekim 2006, Say\u0131 467<br>Sayfa 10<\/p>\n","protected":false},"excerpt":{"rendered":"<p>M\u00fczik e\u011fitimi ve matematik becerileri, m\u00fczik e\u011fitimi ve zeka, m\u00fczik e\u011fitimi ve dil geli\u015fimi, \u00fczerinde&#8230;<\/p>\n<div class=\"more-link-wrapper\"><a class=\"more-link\" href=\"https:\/\/www.muzikatolyesi.com\/index.php\/simdi-muzisyen-olduk-beynimizi-doldurduk\/\">Yaz\u0131y\u0131 Oku<span class=\"screen-reader-text\">\u015eimdi M\u00fczisyen Olduk, Beynimizi Doldurduk<\/span><\/a><\/div>\n","protected":false},"author":1,"featured_media":0,"parent":0,"menu_order":0,"comment_status":"closed","ping_status":"closed","template":"","meta":{"footnotes":""},"class_list":["post-126","page","type-page","status-publish","hentry","excerpt","zoom","full-without-featured","even","excerpt-0"],"yoast_head":"<!-- This site is optimized with the Yoast SEO plugin v27.6 - https:\/\/yoast.com\/product\/yoast-seo-wordpress\/ -->\n<title>\u015eimdi M\u00fczisyen Olduk, Beynimizi Doldurduk - Mustafa Saka M\u00fczik At\u00f6lyesi<\/title>\n<meta name=\"robots\" content=\"index, follow, max-snippet:-1, max-image-preview:large, max-video-preview:-1\" \/>\n<link rel=\"canonical\" href=\"https:\/\/www.muzikatolyesi.com\/index.php\/simdi-muzisyen-olduk-beynimizi-doldurduk\/\" \/>\n<meta property=\"og:locale\" content=\"tr_TR\" \/>\n<meta property=\"og:type\" content=\"article\" \/>\n<meta property=\"og:title\" content=\"\u015eimdi M\u00fczisyen Olduk, Beynimizi Doldurduk - Mustafa Saka M\u00fczik At\u00f6lyesi\" \/>\n<meta property=\"og:description\" content=\"M\u00fczik e\u011fitimi ve matematik becerileri, m\u00fczik e\u011fitimi ve zeka, m\u00fczik e\u011fitimi ve dil geli\u015fimi, \u00fczerinde&#8230;\" \/>\n<meta property=\"og:url\" content=\"https:\/\/www.muzikatolyesi.com\/index.php\/simdi-muzisyen-olduk-beynimizi-doldurduk\/\" \/>\n<meta property=\"og:site_name\" content=\"Mustafa Saka M\u00fczik At\u00f6lyesi\" \/>\n<meta property=\"article:modified_time\" content=\"2020-08-16T21:49:09+00:00\" \/>\n<meta name=\"twitter:card\" content=\"summary_large_image\" \/>\n<meta name=\"twitter:label1\" content=\"Tahmini okuma s\u00fcresi\" \/>\n\t<meta name=\"twitter:data1\" content=\"2 dakika\" \/>\n<script type=\"application\/ld+json\" class=\"yoast-schema-graph\">{\"@context\":\"https:\\\/\\\/schema.org\",\"@graph\":[{\"@type\":\"WebPage\",\"@id\":\"https:\\\/\\\/www.muzikatolyesi.com\\\/index.php\\\/simdi-muzisyen-olduk-beynimizi-doldurduk\\\/\",\"url\":\"https:\\\/\\\/www.muzikatolyesi.com\\\/index.php\\\/simdi-muzisyen-olduk-beynimizi-doldurduk\\\/\",\"name\":\"\u015eimdi M\u00fczisyen Olduk, Beynimizi Doldurduk - Mustafa Saka M\u00fczik At\u00f6lyesi\",\"isPartOf\":{\"@id\":\"https:\\\/\\\/www.muzikatolyesi.com\\\/#website\"},\"datePublished\":\"2020-08-16T21:47:42+00:00\",\"dateModified\":\"2020-08-16T21:49:09+00:00\",\"breadcrumb\":{\"@id\":\"https:\\\/\\\/www.muzikatolyesi.com\\\/index.php\\\/simdi-muzisyen-olduk-beynimizi-doldurduk\\\/#breadcrumb\"},\"inLanguage\":\"tr\",\"potentialAction\":[{\"@type\":\"ReadAction\",\"target\":[\"https:\\\/\\\/www.muzikatolyesi.com\\\/index.php\\\/simdi-muzisyen-olduk-beynimizi-doldurduk\\\/\"]}]},{\"@type\":\"BreadcrumbList\",\"@id\":\"https:\\\/\\\/www.muzikatolyesi.com\\\/index.php\\\/simdi-muzisyen-olduk-beynimizi-doldurduk\\\/#breadcrumb\",\"itemListElement\":[{\"@type\":\"ListItem\",\"position\":1,\"name\":\"Ana sayfa\",\"item\":\"https:\\\/\\\/www.muzikatolyesi.com\\\/\"},{\"@type\":\"ListItem\",\"position\":2,\"name\":\"\u015eimdi M\u00fczisyen Olduk, Beynimizi Doldurduk\"}]},{\"@type\":\"WebSite\",\"@id\":\"https:\\\/\\\/www.muzikatolyesi.com\\\/#website\",\"url\":\"https:\\\/\\\/www.muzikatolyesi.com\\\/\",\"name\":\"Mustafa Saka M\u00fczik At\u00f6lyesi\",\"description\":\"Y\u00fcz Y\u00fcze ya da \u00c7evrimi\u00e7i\",\"publisher\":{\"@id\":\"https:\\\/\\\/www.muzikatolyesi.com\\\/#organization\"},\"potentialAction\":[{\"@type\":\"SearchAction\",\"target\":{\"@type\":\"EntryPoint\",\"urlTemplate\":\"https:\\\/\\\/www.muzikatolyesi.com\\\/?s={search_term_string}\"},\"query-input\":{\"@type\":\"PropertyValueSpecification\",\"valueRequired\":true,\"valueName\":\"search_term_string\"}}],\"inLanguage\":\"tr\"},{\"@type\":\"Organization\",\"@id\":\"https:\\\/\\\/www.muzikatolyesi.com\\\/#organization\",\"name\":\"Mustafa Saka M\u00fczik At\u00f6lyesi\",\"url\":\"https:\\\/\\\/www.muzikatolyesi.com\\\/\",\"logo\":{\"@type\":\"ImageObject\",\"inLanguage\":\"tr\",\"@id\":\"https:\\\/\\\/www.muzikatolyesi.com\\\/#\\\/schema\\\/logo\\\/image\\\/\",\"url\":\"https:\\\/\\\/www.muzikatolyesi.com\\\/wp-content\\\/uploads\\\/2020\\\/08\\\/logo-1.jpeg\",\"contentUrl\":\"https:\\\/\\\/www.muzikatolyesi.com\\\/wp-content\\\/uploads\\\/2020\\\/08\\\/logo-1.jpeg\",\"width\":1000,\"height\":1000,\"caption\":\"Mustafa Saka M\u00fczik At\u00f6lyesi\"},\"image\":{\"@id\":\"https:\\\/\\\/www.muzikatolyesi.com\\\/#\\\/schema\\\/logo\\\/image\\\/\"}}]}<\/script>\n<!-- \/ Yoast SEO plugin. -->","yoast_head_json":{"title":"\u015eimdi M\u00fczisyen Olduk, Beynimizi Doldurduk - Mustafa Saka M\u00fczik At\u00f6lyesi","robots":{"index":"index","follow":"follow","max-snippet":"max-snippet:-1","max-image-preview":"max-image-preview:large","max-video-preview":"max-video-preview:-1"},"canonical":"https:\/\/www.muzikatolyesi.com\/index.php\/simdi-muzisyen-olduk-beynimizi-doldurduk\/","og_locale":"tr_TR","og_type":"article","og_title":"\u015eimdi M\u00fczisyen Olduk, Beynimizi Doldurduk - Mustafa Saka M\u00fczik At\u00f6lyesi","og_description":"M\u00fczik e\u011fitimi ve matematik becerileri, m\u00fczik e\u011fitimi ve zeka, m\u00fczik e\u011fitimi ve dil geli\u015fimi, \u00fczerinde&#8230;","og_url":"https:\/\/www.muzikatolyesi.com\/index.php\/simdi-muzisyen-olduk-beynimizi-doldurduk\/","og_site_name":"Mustafa Saka M\u00fczik At\u00f6lyesi","article_modified_time":"2020-08-16T21:49:09+00:00","twitter_card":"summary_large_image","twitter_misc":{"Tahmini okuma s\u00fcresi":"2 dakika"},"schema":{"@context":"https:\/\/schema.org","@graph":[{"@type":"WebPage","@id":"https:\/\/www.muzikatolyesi.com\/index.php\/simdi-muzisyen-olduk-beynimizi-doldurduk\/","url":"https:\/\/www.muzikatolyesi.com\/index.php\/simdi-muzisyen-olduk-beynimizi-doldurduk\/","name":"\u015eimdi M\u00fczisyen Olduk, Beynimizi Doldurduk - Mustafa Saka M\u00fczik At\u00f6lyesi","isPartOf":{"@id":"https:\/\/www.muzikatolyesi.com\/#website"},"datePublished":"2020-08-16T21:47:42+00:00","dateModified":"2020-08-16T21:49:09+00:00","breadcrumb":{"@id":"https:\/\/www.muzikatolyesi.com\/index.php\/simdi-muzisyen-olduk-beynimizi-doldurduk\/#breadcrumb"},"inLanguage":"tr","potentialAction":[{"@type":"ReadAction","target":["https:\/\/www.muzikatolyesi.com\/index.php\/simdi-muzisyen-olduk-beynimizi-doldurduk\/"]}]},{"@type":"BreadcrumbList","@id":"https:\/\/www.muzikatolyesi.com\/index.php\/simdi-muzisyen-olduk-beynimizi-doldurduk\/#breadcrumb","itemListElement":[{"@type":"ListItem","position":1,"name":"Ana sayfa","item":"https:\/\/www.muzikatolyesi.com\/"},{"@type":"ListItem","position":2,"name":"\u015eimdi M\u00fczisyen Olduk, Beynimizi Doldurduk"}]},{"@type":"WebSite","@id":"https:\/\/www.muzikatolyesi.com\/#website","url":"https:\/\/www.muzikatolyesi.com\/","name":"Mustafa Saka M\u00fczik At\u00f6lyesi","description":"Y\u00fcz Y\u00fcze ya da \u00c7evrimi\u00e7i","publisher":{"@id":"https:\/\/www.muzikatolyesi.com\/#organization"},"potentialAction":[{"@type":"SearchAction","target":{"@type":"EntryPoint","urlTemplate":"https:\/\/www.muzikatolyesi.com\/?s={search_term_string}"},"query-input":{"@type":"PropertyValueSpecification","valueRequired":true,"valueName":"search_term_string"}}],"inLanguage":"tr"},{"@type":"Organization","@id":"https:\/\/www.muzikatolyesi.com\/#organization","name":"Mustafa Saka M\u00fczik At\u00f6lyesi","url":"https:\/\/www.muzikatolyesi.com\/","logo":{"@type":"ImageObject","inLanguage":"tr","@id":"https:\/\/www.muzikatolyesi.com\/#\/schema\/logo\/image\/","url":"https:\/\/www.muzikatolyesi.com\/wp-content\/uploads\/2020\/08\/logo-1.jpeg","contentUrl":"https:\/\/www.muzikatolyesi.com\/wp-content\/uploads\/2020\/08\/logo-1.jpeg","width":1000,"height":1000,"caption":"Mustafa Saka M\u00fczik At\u00f6lyesi"},"image":{"@id":"https:\/\/www.muzikatolyesi.com\/#\/schema\/logo\/image\/"}}]}},"_links":{"self":[{"href":"https:\/\/www.muzikatolyesi.com\/index.php\/wp-json\/wp\/v2\/pages\/126","targetHints":{"allow":["GET"]}}],"collection":[{"href":"https:\/\/www.muzikatolyesi.com\/index.php\/wp-json\/wp\/v2\/pages"}],"about":[{"href":"https:\/\/www.muzikatolyesi.com\/index.php\/wp-json\/wp\/v2\/types\/page"}],"author":[{"embeddable":true,"href":"https:\/\/www.muzikatolyesi.com\/index.php\/wp-json\/wp\/v2\/users\/1"}],"replies":[{"embeddable":true,"href":"https:\/\/www.muzikatolyesi.com\/index.php\/wp-json\/wp\/v2\/comments?post=126"}],"version-history":[{"count":2,"href":"https:\/\/www.muzikatolyesi.com\/index.php\/wp-json\/wp\/v2\/pages\/126\/revisions"}],"predecessor-version":[{"id":129,"href":"https:\/\/www.muzikatolyesi.com\/index.php\/wp-json\/wp\/v2\/pages\/126\/revisions\/129"}],"wp:attachment":[{"href":"https:\/\/www.muzikatolyesi.com\/index.php\/wp-json\/wp\/v2\/media?parent=126"}],"curies":[{"name":"wp","href":"https:\/\/api.w.org\/{rel}","templated":true}]}}