{"id":7,"date":"2020-08-14T19:03:41","date_gmt":"2020-08-14T16:03:41","guid":{"rendered":"https:\/\/www.muzikatolyesi.com\/?page_id=7"},"modified":"2023-07-31T01:56:14","modified_gmt":"2023-07-30T22:56:14","slug":"hakkimizda","status":"publish","type":"page","link":"https:\/\/www.muzikatolyesi.com\/index.php\/hakkimizda\/","title":{"rendered":"Hakk\u0131nda"},"content":{"rendered":"\n<p><strong>Mustafa Saka M\u00fczik At\u00f6lyesi<\/strong><\/p>\n\n\n\n<p>2006 y\u0131l\u0131nda kurulan Mustafa Saka M\u00fczik At\u00f6lyesi, 2020 y\u0131l\u0131ndaki pandemi s\u00fcrecine kadar fiziki ortamda at\u00f6lye \u00e7al\u0131\u015fmalar\u0131n\u0131 s\u00fcrd\u00fcr\u00fcrken, 2020 A\u011fustos ay\u0131ndan itibaren at\u00f6lye \u00e7al\u0131\u015fmalar\u0131n\u0131  \u00e7evrimi\u00e7i ve \u00f6zel ders \u015feklinde s\u00fcrd\u00fcrd\u00fc. <\/p>\n\n\n\n<p>Mart 2020&#8217;den beri pandemi nedeniyle yapt\u0131\u011f\u0131m\u0131z \u00e7evrimi\u00e7i dersler hepimiz i\u00e7in farkl\u0131 bir deneyim oldu. Bu deneyim bize, piyano e\u011fitiminin her \u015fartta ve her yerde devam edebilece\u011fini g\u00f6sterdi.<\/p>\n\n\n\n<p>Bu d\u00fc\u015f\u00fcnceyle, Mustafa Saka M\u00fczik At\u00f6lyesi olarak pandemi sonras\u0131nda da e\u011fitimlerimize \u00e7evrimi\u00e7i, y\u00fcz y\u00fcze ya da \u00f6zel ders \u015feklinde devam edece\u011fiz.<\/p>\n\n\n\n<p>G\u00f6r\u00fc\u015fmek dile\u011fiyle<\/p>\n\n\n\n<figure class=\"wp-block-image size-large\"><img loading=\"lazy\" decoding=\"async\" width=\"788\" height=\"1024\" src=\"https:\/\/www.muzikatolyesi.com\/wp-content\/uploads\/2020\/08\/IMG_20200818_204835-788x1024.jpg\" alt=\"\" class=\"wp-image-146\" srcset=\"https:\/\/www.muzikatolyesi.com\/wp-content\/uploads\/2020\/08\/IMG_20200818_204835-788x1024.jpg 788w, https:\/\/www.muzikatolyesi.com\/wp-content\/uploads\/2020\/08\/IMG_20200818_204835-231x300.jpg 231w, https:\/\/www.muzikatolyesi.com\/wp-content\/uploads\/2020\/08\/IMG_20200818_204835-768x998.jpg 768w, https:\/\/www.muzikatolyesi.com\/wp-content\/uploads\/2020\/08\/IMG_20200818_204835-1182x1536.jpg 1182w, https:\/\/www.muzikatolyesi.com\/wp-content\/uploads\/2020\/08\/IMG_20200818_204835-1576x2048.jpg 1576w, https:\/\/www.muzikatolyesi.com\/wp-content\/uploads\/2020\/08\/IMG_20200818_204835-scaled.jpg 1970w\" sizes=\"auto, (max-width: 788px) 100vw, 788px\" \/><\/figure>\n\n\n\n<p><strong>Mustafa SAKA<\/strong><\/p>\n\n\n\n<p>Mimar Sinan G\u00fczel Sanatlar \u00dcniversitesi Devlet Konservatuvar\u0131 M\u00fczikoloji Anabilim Dal\u0131 mezunu olan Mustafa Saka, Cenan Ak\u0131n ile solfej, \u0130rfan Turkay ile korno, T\u00fclin Baba\u00e7 ve Madlen Saydam ile piyano, B\u00fclent Tarcan, Ahmet Y\u00fcr\u00fcr ve Filiz Ali ile m\u00fczikoloji, Cengiz Tan\u00e7 ile kontrpuan, \u0130lhan Usmanba\u015f ile \u00e7a\u011fda\u015f m\u00fczik, Cevat Memduh Altar ile m\u00fczik esteti\u011fi \u00e7al\u0131\u015ft\u0131.<\/p>\n\n\n\n<p>Otuz y\u0131l\u0131 a\u015fk\u0131n s\u00fcredir piyano, solfej, m\u00fczik tarihi ve konservatuvara haz\u0131rl\u0131k dersleri veren Mustafa Saka, Melih Kibar Casio M\u00fczik Kursu, Akademi \u0130stanbul (M\u00fczik ve Tiyatro b\u00f6l\u00fcmlerinde), Be\u015fikta\u015f Sanat Evi, \u0130stanbul Valili\u011fi Rotary \u00c7ocuk Evi, T\u00fcdev, Kocaeli \u00dcniversitesi G\u00fczel Sanatlar Fak\u00fcltesi M\u00fczik B\u00f6l\u00fcm\u00fc ve Marmara \u00dcniversitesi G\u00fczel Sanatlar Fak\u00fcltesi M\u00fczik B\u00f6l\u00fcm\u00fc&#8217;nde \u00f6\u011fretim g\u00f6revlisi olarak \u00e7al\u0131\u015ft\u0131.<\/p>\n\n\n\n<p>1996-2009 y\u0131llar\u0131 aras\u0131nda TRT \u0130stanbul Radyosu&#8217;nda klasik bat\u0131 m\u00fczi\u011fi programlar\u0131 haz\u0131rlay\u0131p sunan Mustafa Saka, e\u011fitimcili\u011fin yan\u0131nda, Bo\u011fazi\u00e7i \u00dcniversitesi K\u00fct\u00fcphanesi&#8217;nde Multi-Media sorumlusu ve Borusan K\u00fclt\u00fcr ve Sanat Merkezi K\u00fct\u00fcphanesi&#8217;nde referans k\u00fct\u00fcphaneci olarak da g\u00f6rev yapt\u0131. <\/p>\n\n\n\n<p>2006-2019 y\u0131llar\u0131 aras\u0131nda  \u0130BB Fatih M\u00fczik ve Sahne Sanatlar\u0131 Okulu&#8217;nda piyano dersleri veren Mustafa Saka&#8217;n\u0131n <em>&#8216;Tek Sesli Notasyon&#8217;<\/em>, &#8216;<em>\u00c7ok Sesli Notasyon<\/em>, <em>XX. y\u00fczy\u0131l M\u00fczi\u011fini Etkileyen ve Olu\u015fturan \u00d6nemli Ak\u0131mlar  ve Yeni M\u00fczikte Genel Nota Yaz\u0131m Malzemeleri&#8217;<\/em> ve &#8216;<em>\u0130stanbul&#8217;da Bulunan Do\u011fu Kiliselerinin Pazar Lit\u00fcrjileri \u00dczerine M\u00fczikal \u0130nceleme&#8217;<\/em> gibi ara\u015ft\u0131rmalar\u0131 ve \u00d6zy\u00fcrek Yay\u0131nevi taraf\u0131ndan bas\u0131lan &#8216;<em>Yedi \u015eirin Nota&#8217;<\/em>  adl\u0131 \u015fark\u0131 kitab\u0131 ve \u0130stanbul Ansiklopedisi&#8217;nde (XXI. Fasik\u00fcl, s. 185-186) yay\u0131nlanan &#8216;<em>Ermeni Musikisi<\/em>&#8216; ba\u015fl\u0131kl\u0131 makalesi vard\u0131r.<\/p>\n\n\n\n<p>.<\/p>\n","protected":false},"excerpt":{"rendered":"<p>Mustafa Saka M\u00fczik At\u00f6lyesi 2006 y\u0131l\u0131nda kurulan Mustafa Saka M\u00fczik At\u00f6lyesi, 2020 y\u0131l\u0131ndaki pandemi s\u00fcrecine&#8230;<\/p>\n<div class=\"more-link-wrapper\"><a class=\"more-link\" href=\"https:\/\/www.muzikatolyesi.com\/index.php\/hakkimizda\/\">Yaz\u0131y\u0131 Oku<span class=\"screen-reader-text\">Hakk\u0131nda<\/span><\/a><\/div>\n","protected":false},"author":1,"featured_media":0,"parent":0,"menu_order":0,"comment_status":"closed","ping_status":"closed","template":"","meta":{"footnotes":""},"class_list":["post-7","page","type-page","status-publish","hentry","excerpt","zoom","full-without-featured","even","excerpt-0"],"yoast_head":"<!-- This site is optimized with the Yoast SEO plugin v27.6 - https:\/\/yoast.com\/product\/yoast-seo-wordpress\/ -->\n<title>Hakk\u0131nda - Mustafa Saka M\u00fczik At\u00f6lyesi<\/title>\n<meta name=\"robots\" content=\"index, follow, max-snippet:-1, max-image-preview:large, max-video-preview:-1\" \/>\n<link rel=\"canonical\" href=\"https:\/\/www.muzikatolyesi.com\/index.php\/hakkimizda\/\" \/>\n<meta property=\"og:locale\" content=\"tr_TR\" \/>\n<meta property=\"og:type\" content=\"article\" \/>\n<meta property=\"og:title\" content=\"Hakk\u0131nda - Mustafa Saka M\u00fczik At\u00f6lyesi\" \/>\n<meta property=\"og:description\" content=\"Mustafa Saka M\u00fczik At\u00f6lyesi 2006 y\u0131l\u0131nda kurulan Mustafa Saka M\u00fczik At\u00f6lyesi, 2020 y\u0131l\u0131ndaki pandemi s\u00fcrecine&#8230;\" \/>\n<meta property=\"og:url\" content=\"https:\/\/www.muzikatolyesi.com\/index.php\/hakkimizda\/\" \/>\n<meta property=\"og:site_name\" content=\"Mustafa Saka M\u00fczik At\u00f6lyesi\" \/>\n<meta property=\"article:modified_time\" content=\"2023-07-30T22:56:14+00:00\" \/>\n<meta property=\"og:image\" content=\"https:\/\/www.muzikatolyesi.com\/wp-content\/uploads\/2020\/08\/IMG_20200818_204835-788x1024.jpg\" \/>\n<meta name=\"twitter:card\" content=\"summary_large_image\" \/>\n<meta name=\"twitter:label1\" content=\"Tahmini okuma s\u00fcresi\" \/>\n\t<meta name=\"twitter:data1\" content=\"3 dakika\" \/>\n<script type=\"application\/ld+json\" class=\"yoast-schema-graph\">{\"@context\":\"https:\\\/\\\/schema.org\",\"@graph\":[{\"@type\":\"WebPage\",\"@id\":\"https:\\\/\\\/www.muzikatolyesi.com\\\/index.php\\\/hakkimizda\\\/\",\"url\":\"https:\\\/\\\/www.muzikatolyesi.com\\\/index.php\\\/hakkimizda\\\/\",\"name\":\"Hakk\u0131nda - Mustafa Saka M\u00fczik At\u00f6lyesi\",\"isPartOf\":{\"@id\":\"https:\\\/\\\/www.muzikatolyesi.com\\\/#website\"},\"primaryImageOfPage\":{\"@id\":\"https:\\\/\\\/www.muzikatolyesi.com\\\/index.php\\\/hakkimizda\\\/#primaryimage\"},\"image\":{\"@id\":\"https:\\\/\\\/www.muzikatolyesi.com\\\/index.php\\\/hakkimizda\\\/#primaryimage\"},\"thumbnailUrl\":\"https:\\\/\\\/www.muzikatolyesi.com\\\/wp-content\\\/uploads\\\/2020\\\/08\\\/IMG_20200818_204835-788x1024.jpg\",\"datePublished\":\"2020-08-14T16:03:41+00:00\",\"dateModified\":\"2023-07-30T22:56:14+00:00\",\"breadcrumb\":{\"@id\":\"https:\\\/\\\/www.muzikatolyesi.com\\\/index.php\\\/hakkimizda\\\/#breadcrumb\"},\"inLanguage\":\"tr\",\"potentialAction\":[{\"@type\":\"ReadAction\",\"target\":[\"https:\\\/\\\/www.muzikatolyesi.com\\\/index.php\\\/hakkimizda\\\/\"]}]},{\"@type\":\"ImageObject\",\"inLanguage\":\"tr\",\"@id\":\"https:\\\/\\\/www.muzikatolyesi.com\\\/index.php\\\/hakkimizda\\\/#primaryimage\",\"url\":\"https:\\\/\\\/www.muzikatolyesi.com\\\/wp-content\\\/uploads\\\/2020\\\/08\\\/IMG_20200818_204835-scaled.jpg\",\"contentUrl\":\"https:\\\/\\\/www.muzikatolyesi.com\\\/wp-content\\\/uploads\\\/2020\\\/08\\\/IMG_20200818_204835-scaled.jpg\",\"width\":1970,\"height\":2560,\"caption\":\"dav\"},{\"@type\":\"BreadcrumbList\",\"@id\":\"https:\\\/\\\/www.muzikatolyesi.com\\\/index.php\\\/hakkimizda\\\/#breadcrumb\",\"itemListElement\":[{\"@type\":\"ListItem\",\"position\":1,\"name\":\"Ana sayfa\",\"item\":\"https:\\\/\\\/www.muzikatolyesi.com\\\/\"},{\"@type\":\"ListItem\",\"position\":2,\"name\":\"Hakk\u0131nda\"}]},{\"@type\":\"WebSite\",\"@id\":\"https:\\\/\\\/www.muzikatolyesi.com\\\/#website\",\"url\":\"https:\\\/\\\/www.muzikatolyesi.com\\\/\",\"name\":\"Mustafa Saka M\u00fczik At\u00f6lyesi\",\"description\":\"Y\u00fcz Y\u00fcze ya da \u00c7evrimi\u00e7i\",\"publisher\":{\"@id\":\"https:\\\/\\\/www.muzikatolyesi.com\\\/#organization\"},\"potentialAction\":[{\"@type\":\"SearchAction\",\"target\":{\"@type\":\"EntryPoint\",\"urlTemplate\":\"https:\\\/\\\/www.muzikatolyesi.com\\\/?s={search_term_string}\"},\"query-input\":{\"@type\":\"PropertyValueSpecification\",\"valueRequired\":true,\"valueName\":\"search_term_string\"}}],\"inLanguage\":\"tr\"},{\"@type\":\"Organization\",\"@id\":\"https:\\\/\\\/www.muzikatolyesi.com\\\/#organization\",\"name\":\"Mustafa Saka M\u00fczik At\u00f6lyesi\",\"url\":\"https:\\\/\\\/www.muzikatolyesi.com\\\/\",\"logo\":{\"@type\":\"ImageObject\",\"inLanguage\":\"tr\",\"@id\":\"https:\\\/\\\/www.muzikatolyesi.com\\\/#\\\/schema\\\/logo\\\/image\\\/\",\"url\":\"https:\\\/\\\/www.muzikatolyesi.com\\\/wp-content\\\/uploads\\\/2020\\\/08\\\/logo-1.jpeg\",\"contentUrl\":\"https:\\\/\\\/www.muzikatolyesi.com\\\/wp-content\\\/uploads\\\/2020\\\/08\\\/logo-1.jpeg\",\"width\":1000,\"height\":1000,\"caption\":\"Mustafa Saka M\u00fczik At\u00f6lyesi\"},\"image\":{\"@id\":\"https:\\\/\\\/www.muzikatolyesi.com\\\/#\\\/schema\\\/logo\\\/image\\\/\"}}]}<\/script>\n<!-- \/ Yoast SEO plugin. -->","yoast_head_json":{"title":"Hakk\u0131nda - Mustafa Saka M\u00fczik At\u00f6lyesi","robots":{"index":"index","follow":"follow","max-snippet":"max-snippet:-1","max-image-preview":"max-image-preview:large","max-video-preview":"max-video-preview:-1"},"canonical":"https:\/\/www.muzikatolyesi.com\/index.php\/hakkimizda\/","og_locale":"tr_TR","og_type":"article","og_title":"Hakk\u0131nda - Mustafa Saka M\u00fczik At\u00f6lyesi","og_description":"Mustafa Saka M\u00fczik At\u00f6lyesi 2006 y\u0131l\u0131nda kurulan Mustafa Saka M\u00fczik At\u00f6lyesi, 2020 y\u0131l\u0131ndaki pandemi s\u00fcrecine&#8230;","og_url":"https:\/\/www.muzikatolyesi.com\/index.php\/hakkimizda\/","og_site_name":"Mustafa Saka M\u00fczik At\u00f6lyesi","article_modified_time":"2023-07-30T22:56:14+00:00","og_image":[{"url":"https:\/\/www.muzikatolyesi.com\/wp-content\/uploads\/2020\/08\/IMG_20200818_204835-788x1024.jpg","type":"","width":"","height":""}],"twitter_card":"summary_large_image","twitter_misc":{"Tahmini okuma s\u00fcresi":"3 dakika"},"schema":{"@context":"https:\/\/schema.org","@graph":[{"@type":"WebPage","@id":"https:\/\/www.muzikatolyesi.com\/index.php\/hakkimizda\/","url":"https:\/\/www.muzikatolyesi.com\/index.php\/hakkimizda\/","name":"Hakk\u0131nda - Mustafa Saka M\u00fczik At\u00f6lyesi","isPartOf":{"@id":"https:\/\/www.muzikatolyesi.com\/#website"},"primaryImageOfPage":{"@id":"https:\/\/www.muzikatolyesi.com\/index.php\/hakkimizda\/#primaryimage"},"image":{"@id":"https:\/\/www.muzikatolyesi.com\/index.php\/hakkimizda\/#primaryimage"},"thumbnailUrl":"https:\/\/www.muzikatolyesi.com\/wp-content\/uploads\/2020\/08\/IMG_20200818_204835-788x1024.jpg","datePublished":"2020-08-14T16:03:41+00:00","dateModified":"2023-07-30T22:56:14+00:00","breadcrumb":{"@id":"https:\/\/www.muzikatolyesi.com\/index.php\/hakkimizda\/#breadcrumb"},"inLanguage":"tr","potentialAction":[{"@type":"ReadAction","target":["https:\/\/www.muzikatolyesi.com\/index.php\/hakkimizda\/"]}]},{"@type":"ImageObject","inLanguage":"tr","@id":"https:\/\/www.muzikatolyesi.com\/index.php\/hakkimizda\/#primaryimage","url":"https:\/\/www.muzikatolyesi.com\/wp-content\/uploads\/2020\/08\/IMG_20200818_204835-scaled.jpg","contentUrl":"https:\/\/www.muzikatolyesi.com\/wp-content\/uploads\/2020\/08\/IMG_20200818_204835-scaled.jpg","width":1970,"height":2560,"caption":"dav"},{"@type":"BreadcrumbList","@id":"https:\/\/www.muzikatolyesi.com\/index.php\/hakkimizda\/#breadcrumb","itemListElement":[{"@type":"ListItem","position":1,"name":"Ana sayfa","item":"https:\/\/www.muzikatolyesi.com\/"},{"@type":"ListItem","position":2,"name":"Hakk\u0131nda"}]},{"@type":"WebSite","@id":"https:\/\/www.muzikatolyesi.com\/#website","url":"https:\/\/www.muzikatolyesi.com\/","name":"Mustafa Saka M\u00fczik At\u00f6lyesi","description":"Y\u00fcz Y\u00fcze ya da \u00c7evrimi\u00e7i","publisher":{"@id":"https:\/\/www.muzikatolyesi.com\/#organization"},"potentialAction":[{"@type":"SearchAction","target":{"@type":"EntryPoint","urlTemplate":"https:\/\/www.muzikatolyesi.com\/?s={search_term_string}"},"query-input":{"@type":"PropertyValueSpecification","valueRequired":true,"valueName":"search_term_string"}}],"inLanguage":"tr"},{"@type":"Organization","@id":"https:\/\/www.muzikatolyesi.com\/#organization","name":"Mustafa Saka M\u00fczik At\u00f6lyesi","url":"https:\/\/www.muzikatolyesi.com\/","logo":{"@type":"ImageObject","inLanguage":"tr","@id":"https:\/\/www.muzikatolyesi.com\/#\/schema\/logo\/image\/","url":"https:\/\/www.muzikatolyesi.com\/wp-content\/uploads\/2020\/08\/logo-1.jpeg","contentUrl":"https:\/\/www.muzikatolyesi.com\/wp-content\/uploads\/2020\/08\/logo-1.jpeg","width":1000,"height":1000,"caption":"Mustafa Saka M\u00fczik At\u00f6lyesi"},"image":{"@id":"https:\/\/www.muzikatolyesi.com\/#\/schema\/logo\/image\/"}}]}},"_links":{"self":[{"href":"https:\/\/www.muzikatolyesi.com\/index.php\/wp-json\/wp\/v2\/pages\/7","targetHints":{"allow":["GET"]}}],"collection":[{"href":"https:\/\/www.muzikatolyesi.com\/index.php\/wp-json\/wp\/v2\/pages"}],"about":[{"href":"https:\/\/www.muzikatolyesi.com\/index.php\/wp-json\/wp\/v2\/types\/page"}],"author":[{"embeddable":true,"href":"https:\/\/www.muzikatolyesi.com\/index.php\/wp-json\/wp\/v2\/users\/1"}],"replies":[{"embeddable":true,"href":"https:\/\/www.muzikatolyesi.com\/index.php\/wp-json\/wp\/v2\/comments?post=7"}],"version-history":[{"count":17,"href":"https:\/\/www.muzikatolyesi.com\/index.php\/wp-json\/wp\/v2\/pages\/7\/revisions"}],"predecessor-version":[{"id":237,"href":"https:\/\/www.muzikatolyesi.com\/index.php\/wp-json\/wp\/v2\/pages\/7\/revisions\/237"}],"wp:attachment":[{"href":"https:\/\/www.muzikatolyesi.com\/index.php\/wp-json\/wp\/v2\/media?parent=7"}],"curies":[{"name":"wp","href":"https:\/\/api.w.org\/{rel}","templated":true}]}}