{"id":89,"date":"2020-08-16T12:41:54","date_gmt":"2020-08-16T09:41:54","guid":{"rendered":"https:\/\/www.muzikatolyesi.com\/?page_id=89"},"modified":"2020-10-20T20:31:05","modified_gmt":"2020-10-20T17:31:05","slug":"iletisim","status":"publish","type":"page","link":"https:\/\/www.muzikatolyesi.com\/index.php\/iletisim\/","title":{"rendered":"\u0130Leti\u015fim"},"content":{"rendered":"\n<p><span style=\"color:#931616\" class=\"has-inline-color\">TELEFON<\/span>: <\/p>\n\n\n\n<p><strong><span class=\"has-inline-color has-black-color\">05<\/span>32 234 13 65<\/strong><\/p>\n\n\n\n<p><\/p>\n\n\n\n<p><\/p>\n\n\n\n<p><span style=\"color:#933131\" class=\"has-inline-color\">E-POSTA<\/span>: <\/p>\n\n\n\n<p class=\"has-small-font-size\"><strong><span class=\"has-inline-color has-black-color\">msmuzikatolyesi@gmail.com<\/span><\/strong><\/p>\n","protected":false},"excerpt":{"rendered":"<p>TELEFON: 0532 234 13 65 E-POSTA: msmuzikatolyesi@gmail.com<\/p>\n","protected":false},"author":1,"featured_media":0,"parent":0,"menu_order":0,"comment_status":"closed","ping_status":"closed","template":"","meta":{"footnotes":""},"class_list":["post-89","page","type-page","status-publish","hentry","excerpt","zoom","full-without-featured","even","excerpt-0"],"yoast_head":"<!-- This site is optimized with the Yoast SEO plugin v27.6 - https:\/\/yoast.com\/product\/yoast-seo-wordpress\/ -->\n<title>\u0130Leti\u015fim - Mustafa Saka M\u00fczik At\u00f6lyesi<\/title>\n<meta name=\"robots\" content=\"index, follow, max-snippet:-1, max-image-preview:large, max-video-preview:-1\" \/>\n<link rel=\"canonical\" href=\"https:\/\/www.muzikatolyesi.com\/index.php\/iletisim\/\" \/>\n<meta property=\"og:locale\" content=\"tr_TR\" \/>\n<meta property=\"og:type\" content=\"article\" \/>\n<meta property=\"og:title\" content=\"\u0130Leti\u015fim - Mustafa Saka M\u00fczik At\u00f6lyesi\" \/>\n<meta property=\"og:url\" content=\"https:\/\/www.muzikatolyesi.com\/index.php\/iletisim\/\" \/>\n<meta property=\"og:site_name\" content=\"Mustafa Saka M\u00fczik At\u00f6lyesi\" \/>\n<meta property=\"article:modified_time\" content=\"2020-10-20T17:31:05+00:00\" \/>\n<meta name=\"twitter:card\" content=\"summary_large_image\" \/>\n<script type=\"application\/ld+json\" class=\"yoast-schema-graph\">{\"@context\":\"https:\\\/\\\/schema.org\",\"@graph\":[{\"@type\":\"WebPage\",\"@id\":\"https:\\\/\\\/www.muzikatolyesi.com\\\/index.php\\\/iletisim\\\/\",\"url\":\"https:\\\/\\\/www.muzikatolyesi.com\\\/index.php\\\/iletisim\\\/\",\"name\":\"\u0130Leti\u015fim - Mustafa Saka M\u00fczik At\u00f6lyesi\",\"isPartOf\":{\"@id\":\"https:\\\/\\\/www.muzikatolyesi.com\\\/#website\"},\"datePublished\":\"2020-08-16T09:41:54+00:00\",\"dateModified\":\"2020-10-20T17:31:05+00:00\",\"breadcrumb\":{\"@id\":\"https:\\\/\\\/www.muzikatolyesi.com\\\/index.php\\\/iletisim\\\/#breadcrumb\"},\"inLanguage\":\"tr\",\"potentialAction\":[{\"@type\":\"ReadAction\",\"target\":[\"https:\\\/\\\/www.muzikatolyesi.com\\\/index.php\\\/iletisim\\\/\"]}]},{\"@type\":\"BreadcrumbList\",\"@id\":\"https:\\\/\\\/www.muzikatolyesi.com\\\/index.php\\\/iletisim\\\/#breadcrumb\",\"itemListElement\":[{\"@type\":\"ListItem\",\"position\":1,\"name\":\"Ana sayfa\",\"item\":\"https:\\\/\\\/www.muzikatolyesi.com\\\/\"},{\"@type\":\"ListItem\",\"position\":2,\"name\":\"\u0130Leti\u015fim\"}]},{\"@type\":\"WebSite\",\"@id\":\"https:\\\/\\\/www.muzikatolyesi.com\\\/#website\",\"url\":\"https:\\\/\\\/www.muzikatolyesi.com\\\/\",\"name\":\"Mustafa Saka M\u00fczik At\u00f6lyesi\",\"description\":\"Y\u00fcz Y\u00fcze ya da \u00c7evrimi\u00e7i\",\"publisher\":{\"@id\":\"https:\\\/\\\/www.muzikatolyesi.com\\\/#organization\"},\"potentialAction\":[{\"@type\":\"SearchAction\",\"target\":{\"@type\":\"EntryPoint\",\"urlTemplate\":\"https:\\\/\\\/www.muzikatolyesi.com\\\/?s={search_term_string}\"},\"query-input\":{\"@type\":\"PropertyValueSpecification\",\"valueRequired\":true,\"valueName\":\"search_term_string\"}}],\"inLanguage\":\"tr\"},{\"@type\":\"Organization\",\"@id\":\"https:\\\/\\\/www.muzikatolyesi.com\\\/#organization\",\"name\":\"Mustafa Saka M\u00fczik At\u00f6lyesi\",\"url\":\"https:\\\/\\\/www.muzikatolyesi.com\\\/\",\"logo\":{\"@type\":\"ImageObject\",\"inLanguage\":\"tr\",\"@id\":\"https:\\\/\\\/www.muzikatolyesi.com\\\/#\\\/schema\\\/logo\\\/image\\\/\",\"url\":\"https:\\\/\\\/www.muzikatolyesi.com\\\/wp-content\\\/uploads\\\/2020\\\/08\\\/logo-1.jpeg\",\"contentUrl\":\"https:\\\/\\\/www.muzikatolyesi.com\\\/wp-content\\\/uploads\\\/2020\\\/08\\\/logo-1.jpeg\",\"width\":1000,\"height\":1000,\"caption\":\"Mustafa Saka M\u00fczik At\u00f6lyesi\"},\"image\":{\"@id\":\"https:\\\/\\\/www.muzikatolyesi.com\\\/#\\\/schema\\\/logo\\\/image\\\/\"}}]}<\/script>\n<!-- \/ Yoast SEO plugin. -->","yoast_head_json":{"title":"\u0130Leti\u015fim - Mustafa Saka M\u00fczik At\u00f6lyesi","robots":{"index":"index","follow":"follow","max-snippet":"max-snippet:-1","max-image-preview":"max-image-preview:large","max-video-preview":"max-video-preview:-1"},"canonical":"https:\/\/www.muzikatolyesi.com\/index.php\/iletisim\/","og_locale":"tr_TR","og_type":"article","og_title":"\u0130Leti\u015fim - Mustafa Saka M\u00fczik At\u00f6lyesi","og_url":"https:\/\/www.muzikatolyesi.com\/index.php\/iletisim\/","og_site_name":"Mustafa Saka M\u00fczik At\u00f6lyesi","article_modified_time":"2020-10-20T17:31:05+00:00","twitter_card":"summary_large_image","schema":{"@context":"https:\/\/schema.org","@graph":[{"@type":"WebPage","@id":"https:\/\/www.muzikatolyesi.com\/index.php\/iletisim\/","url":"https:\/\/www.muzikatolyesi.com\/index.php\/iletisim\/","name":"\u0130Leti\u015fim - Mustafa Saka M\u00fczik At\u00f6lyesi","isPartOf":{"@id":"https:\/\/www.muzikatolyesi.com\/#website"},"datePublished":"2020-08-16T09:41:54+00:00","dateModified":"2020-10-20T17:31:05+00:00","breadcrumb":{"@id":"https:\/\/www.muzikatolyesi.com\/index.php\/iletisim\/#breadcrumb"},"inLanguage":"tr","potentialAction":[{"@type":"ReadAction","target":["https:\/\/www.muzikatolyesi.com\/index.php\/iletisim\/"]}]},{"@type":"BreadcrumbList","@id":"https:\/\/www.muzikatolyesi.com\/index.php\/iletisim\/#breadcrumb","itemListElement":[{"@type":"ListItem","position":1,"name":"Ana sayfa","item":"https:\/\/www.muzikatolyesi.com\/"},{"@type":"ListItem","position":2,"name":"\u0130Leti\u015fim"}]},{"@type":"WebSite","@id":"https:\/\/www.muzikatolyesi.com\/#website","url":"https:\/\/www.muzikatolyesi.com\/","name":"Mustafa Saka M\u00fczik At\u00f6lyesi","description":"Y\u00fcz Y\u00fcze ya da \u00c7evrimi\u00e7i","publisher":{"@id":"https:\/\/www.muzikatolyesi.com\/#organization"},"potentialAction":[{"@type":"SearchAction","target":{"@type":"EntryPoint","urlTemplate":"https:\/\/www.muzikatolyesi.com\/?s={search_term_string}"},"query-input":{"@type":"PropertyValueSpecification","valueRequired":true,"valueName":"search_term_string"}}],"inLanguage":"tr"},{"@type":"Organization","@id":"https:\/\/www.muzikatolyesi.com\/#organization","name":"Mustafa Saka M\u00fczik At\u00f6lyesi","url":"https:\/\/www.muzikatolyesi.com\/","logo":{"@type":"ImageObject","inLanguage":"tr","@id":"https:\/\/www.muzikatolyesi.com\/#\/schema\/logo\/image\/","url":"https:\/\/www.muzikatolyesi.com\/wp-content\/uploads\/2020\/08\/logo-1.jpeg","contentUrl":"https:\/\/www.muzikatolyesi.com\/wp-content\/uploads\/2020\/08\/logo-1.jpeg","width":1000,"height":1000,"caption":"Mustafa Saka M\u00fczik At\u00f6lyesi"},"image":{"@id":"https:\/\/www.muzikatolyesi.com\/#\/schema\/logo\/image\/"}}]}},"_links":{"self":[{"href":"https:\/\/www.muzikatolyesi.com\/index.php\/wp-json\/wp\/v2\/pages\/89","targetHints":{"allow":["GET"]}}],"collection":[{"href":"https:\/\/www.muzikatolyesi.com\/index.php\/wp-json\/wp\/v2\/pages"}],"about":[{"href":"https:\/\/www.muzikatolyesi.com\/index.php\/wp-json\/wp\/v2\/types\/page"}],"author":[{"embeddable":true,"href":"https:\/\/www.muzikatolyesi.com\/index.php\/wp-json\/wp\/v2\/users\/1"}],"replies":[{"embeddable":true,"href":"https:\/\/www.muzikatolyesi.com\/index.php\/wp-json\/wp\/v2\/comments?post=89"}],"version-history":[{"count":9,"href":"https:\/\/www.muzikatolyesi.com\/index.php\/wp-json\/wp\/v2\/pages\/89\/revisions"}],"predecessor-version":[{"id":212,"href":"https:\/\/www.muzikatolyesi.com\/index.php\/wp-json\/wp\/v2\/pages\/89\/revisions\/212"}],"wp:attachment":[{"href":"https:\/\/www.muzikatolyesi.com\/index.php\/wp-json\/wp\/v2\/media?parent=89"}],"curies":[{"name":"wp","href":"https:\/\/api.w.org\/{rel}","templated":true}]}}